{"id":12,"date":"2017-04-08T17:54:12","date_gmt":"2017-04-08T15:54:12","guid":{"rendered":"http:\/\/fchard.com\/?page_id=12"},"modified":"2024-05-09T23:05:24","modified_gmt":"2024-05-09T21:05:24","slug":"hallenturnier","status":"publish","type":"page","link":"http:\/\/fchard.com\/?page_id=12","title":{"rendered":"Hallenturnier"},"content":{"rendered":"<h1>31. Hallenturnier &#8211; 2-3 M\u00e4rz 2019<\/h1>\n<p><img loading=\"lazy\" src=\"http:\/\/fchard.com\/wp-content\/uploads\/2019\/02\/ausgebucht-300x117.png\" alt=\"\" width=\"300\" height=\"117\" class=\"alignnone size-medium wp-image-245\" srcset=\"http:\/\/fchard.com\/wp-content\/uploads\/2019\/02\/ausgebucht-300x117.png 300w, http:\/\/fchard.com\/wp-content\/uploads\/2019\/02\/ausgebucht-768x299.png 768w, http:\/\/fchard.com\/wp-content\/uploads\/2019\/02\/ausgebucht.png 770w\" sizes=\"(max-width: 300px) 100vw, 300px\" \/><br \/>\nSeit genau 31 Jahren organisiert der FC Hard eines der gr\u00f6ssten Fussballturniere&nbsp;der Nordostschweiz. Bis zu 72 Teams sind w\u00e4hrend der 3 Tage im Einsatz und k\u00e4mpfen um Tore und Punkte. Veteranen, Senioren, E -Junioren und Juniorinnen sind begeistert von diesem Anlass.<\/p>\n<p><iframe loading=\"lazy\" style=\"border: 0;\" src=\"https:\/\/www.google.com\/maps\/embed?pb=!1m18!1m12!1m3!1d2699.7260610988906!2d8.591756516198764!3d47.417284179172505!2m3!1f0!2f0!3f0!3m2!1i1024!2i768!4f13.1!3m3!1m2!1s0x479aa048ded34783%3A0x36d35c87f41a891!2sMehrzweckhalle+Wallisellen!5e0!3m2!1sen!2sus!4v1491676276484\" width=\"600\" height=\"450\" frameborder=\"0\" allowfullscreen=\"allowfullscreen\"><\/iframe><\/p>\n<p>Auch das kulinarische Angebot ist einmalig. Die Vielfalt reicht vom feinen Kuchen, hausgemachten Sandwiches in 5 Sorten, bis zur Bratwurst, Schnitzelbrot und original Hamburger, also alles was das Herz begehrt. Wir w\u00fcschen &#8220;en Guete&#8221; !<\/p>\n<p>Die MZH Wallisellen ist seit 2012 der neue Standort des Turniers. Ideal, besuchen doch j\u00e4hrlich \u00fcber 1000 Personen das Fussballturnier. Wir freuen uns sie auch 2019 herzlich zu begr\u00fcssen in Wallisellen !<\/p>\n","protected":false},"excerpt":{"rendered":"<p>31. Hallenturnier &#8211; 2-3 M\u00e4rz 2019 Seit genau 31 Jahren organisiert der FC Hard eines der gr\u00f6ssten Fussballturniere&nbsp;der Nordostschweiz. Bis zu 72 Teams sind w\u00e4hrend der 3 Tage im Einsatz und k\u00e4mpfen um Tore und Punkte. Veteranen, Senioren, E -Junioren und Juniorinnen sind begeistert von diesem Anlass. Auch das kulinarische Angebot ist einmalig. Die Vielfalt &hellip; <a href=\"http:\/\/fchard.com\/?page_id=12\" class=\"more-link\">Continue reading <span class=\"screen-reader-text\">Hallenturnier<\/span> <span class=\"meta-nav\">&rarr;<\/span><\/a><\/p>\n","protected":false},"author":1,"featured_media":0,"parent":0,"menu_order":0,"comment_status":"closed","ping_status":"closed","template":"","meta":[],"_links":{"self":[{"href":"http:\/\/fchard.com\/index.php?rest_route=\/wp\/v2\/pages\/12"}],"collection":[{"href":"http:\/\/fchard.com\/index.php?rest_route=\/wp\/v2\/pages"}],"about":[{"href":"http:\/\/fchard.com\/index.php?rest_route=\/wp\/v2\/types\/page"}],"author":[{"embeddable":true,"href":"http:\/\/fchard.com\/index.php?rest_route=\/wp\/v2\/users\/1"}],"replies":[{"embeddable":true,"href":"http:\/\/fchard.com\/index.php?rest_route=%2Fwp%2Fv2%2Fcomments&post=12"}],"version-history":[{"count":8,"href":"http:\/\/fchard.com\/index.php?rest_route=\/wp\/v2\/pages\/12\/revisions"}],"predecessor-version":[{"id":4692,"href":"http:\/\/fchard.com\/index.php?rest_route=\/wp\/v2\/pages\/12\/revisions\/4692"}],"wp:attachment":[{"href":"http:\/\/fchard.com\/index.php?rest_route=%2Fwp%2Fv2%2Fmedia&parent=12"}],"curies":[{"name":"wp","href":"https:\/\/api.w.org\/{rel}","templated":true}]}}