{"id":84,"date":"2017-04-08T22:24:43","date_gmt":"2017-04-08T20:24:43","guid":{"rendered":"http:\/\/fchard.com\/?page_id=84"},"modified":"2017-04-08T22:30:40","modified_gmt":"2017-04-08T20:30:40","slug":"sportplatz","status":"publish","type":"page","link":"http:\/\/fchard.com\/?page_id=84","title":{"rendered":"Sportplatz"},"content":{"rendered":"<p><iframe loading=\"lazy\" style=\"border: 0;\" src=\"https:\/\/www.google.com\/maps\/embed?pb=!1m14!1m8!1m3!1d5405.983605168221!2d8.521686!3d47.353558!3m2!1i1024!2i768!4f13.1!3m3!1m2!1s0x479009ef454e0d5f%3A0xa07743baa2b65f7f!2sAllmendstrasse+10%2C+8002+Z%C3%BCrich%2C+Switzerland!5e0!3m2!1sen!2sus!4v1491675866241\" width=\"600\" height=\"450\" frameborder=\"0\" allowfullscreen=\"allowfullscreen\"><\/iframe><br \/>\nSportplatz Allmend Brunau<br \/>\nAllmendstrasse 10<br \/>\n8002 Z\u00fcrich<\/p>\n<p>Anzahl Pl\u00e4tze 9<\/p>\n<p>Abwart &#8211; Thoma Guido<br \/>\nSportamt der Stadt Z\u00fcrich<br \/>\nTel. Abwart +41 (79) 6268354<br \/>\nTel. Klublokal +41 (44) 2015604<\/p>\n<h2>Anfahrt<\/h2>\n<p>VBZ Tram Nr. 13 bis Saalsporthalle<br \/>\n5 Minuten Fussweg<\/p>\n<p>SZU S4 bis Saalsporthalle oder Brunau<br \/>\n5 Minuten Fussweg<\/p>\n<p>Auto Parklpl\u00e4tze vorhanden<\/p>\n","protected":false},"excerpt":{"rendered":"<p>Sportplatz Allmend Brunau Allmendstrasse 10 8002 Z\u00fcrich Anzahl Pl\u00e4tze 9 Abwart &#8211; Thoma Guido Sportamt der Stadt Z\u00fcrich Tel. Abwart +41 (79) 6268354 Tel. Klublokal +41 (44) 2015604 Anfahrt VBZ Tram Nr. 13 bis Saalsporthalle 5 Minuten Fussweg SZU S4 bis Saalsporthalle oder Brunau 5 Minuten Fussweg Auto Parklpl\u00e4tze vorhanden<\/p>\n","protected":false},"author":1,"featured_media":0,"parent":0,"menu_order":0,"comment_status":"closed","ping_status":"closed","template":"","meta":[],"_links":{"self":[{"href":"http:\/\/fchard.com\/index.php?rest_route=\/wp\/v2\/pages\/84"}],"collection":[{"href":"http:\/\/fchard.com\/index.php?rest_route=\/wp\/v2\/pages"}],"about":[{"href":"http:\/\/fchard.com\/index.php?rest_route=\/wp\/v2\/types\/page"}],"author":[{"embeddable":true,"href":"http:\/\/fchard.com\/index.php?rest_route=\/wp\/v2\/users\/1"}],"replies":[{"embeddable":true,"href":"http:\/\/fchard.com\/index.php?rest_route=%2Fwp%2Fv2%2Fcomments&post=84"}],"version-history":[{"count":5,"href":"http:\/\/fchard.com\/index.php?rest_route=\/wp\/v2\/pages\/84\/revisions"}],"predecessor-version":[{"id":94,"href":"http:\/\/fchard.com\/index.php?rest_route=\/wp\/v2\/pages\/84\/revisions\/94"}],"wp:attachment":[{"href":"http:\/\/fchard.com\/index.php?rest_route=%2Fwp%2Fv2%2Fmedia&parent=84"}],"curies":[{"name":"wp","href":"https:\/\/api.w.org\/{rel}","templated":true}]}}